{"id":202,"date":"2018-12-03T17:34:42","date_gmt":"2018-12-03T16:34:42","guid":{"rendered":"http:\/\/www.contactfm72.fr\/?page_id=202"},"modified":"2025-05-03T14:45:50","modified_gmt":"2025-05-03T12:45:50","slug":"la-radio","status":"publish","type":"page","link":"https:\/\/contactfm72.fr\/?page_id=202","title":{"rendered":"La Radio"},"content":{"rendered":"<div class=\"wpb-content-wrapper\"><p>[vc_row type=&#8221;vc_default&#8221; css=&#8221;.vc_custom_1558358850478{background-color: #ffffff !important;}&#8221;][vc_column]<div class=\"standard-arrow\"><p>Contact FM est n\u00e9e le 9 juillet 1991 gr\u00e2ce \u00e0 un Conseiller d&#8217;\u00e9ducation du lyc\u00e9e professionnel Mar\u00e9chal Leclerc de Hauteclocque \u00e0 Ch\u00e2teau-du-Loir.<\/p>\n<p>C&#8217;est gr\u00e2ce \u00e0 l&#8217;investissement de b\u00e9n\u00e9voles passionn\u00e9s par la radio dont des enseignants que Contact FM a vu le jour.<\/p>\n<p>Aujourd&#8217;hui, la radio est toujours h\u00e9berg\u00e9e par le Lyc\u00e9e.<\/p>\n<p>Contact FM\u00a0 m\u00e8ne de nombreux projets p\u00e9dagogiques mobilisant les pratiques radiophoniques avec plusieurs \u00e9tablissements scolaires du territoire.<\/p>\n<p>La radio participe ainsi \u00e0 l&#8217;\u00e9ducation aux m\u00e9dias et \u00e0 l\u2019information depuis sa cr\u00e9ation.<\/p>\n<p>Pierrette FREYSSINET est devenue responsable d&#8217;antenne en 1998 et a assur\u00e9 la pr\u00e9sidence de 2005 \u00e0 2014. Catherine MALEVAL lui a succ\u00e9d\u00e9 de 2015 \u00e0 2021.<\/p>\n<p>Elvis KABAKLIJA est pr\u00e9sident depuis 2022.<\/p>\n<p>Contact FM est une radio associative non commerciale de cat\u00e9gorie A. Elle est une radio de communication sociale de proximit\u00e9.<\/p>\n<p>Contact FM \u00e9met sur un rayon de 30 \u00e0 40 km autour de Ch\u00e2teau-du-Loir.<br \/>\nSa zone d&#8217;\u00e9mission couvre un territoire essentiellement rural \u00e0 la crois\u00e9e des d\u00e9partements de la Sarthe, de l&#8217;Indre-et-Loire et du\u00a0 Loir-et-Cher.<\/p>\n<p>La radio est soumise aux r\u00e8gles du CSA (Conseil Sup\u00e9rieur de l&#8217;Audiovisuel) et du CTA (Comit\u00e9 Territorial de l&#8217;Audiovisuel) de Caen.<br \/>\nElle a\u00a0 les m\u00eames obligations que toutes les autres radios en France.<\/p>\n<p>Contact FM fait partie de la FRAMA (F\u00e9d\u00e9ration R\u00e9gionale des Radios Associatives Maine Anjou) aux c\u00f4t\u00e9s de Radio Pr\u00e9vert, Radio Alpa, Radio Alpes Mancelles, Fr\u00e9quence Sill\u00e9, Ornithorynque, Cartables FM.<br \/>\nContact FM adh\u00e8re \u00e0 la CNRA (Conf\u00e9d\u00e9ration Nationale des Radios Associatives) et \u00e9galement au SNRL (Syndicat National des Radios Libres).<\/p>\n<\/div>[\/vc_column][\/vc_row]<\/p>\n<\/div><!-- AddThis Advanced Settings generic via filter on the_content --><!-- AddThis Share Buttons generic via filter on the_content -->","protected":false},"excerpt":{"rendered":"<p>[vc_row type=&#8221;vc_default&#8221; css=&#8221;.vc_custom_1558358850478{background-color: #ffffff !important;}&#8221;][vc_column][\/vc_column][\/vc_row]<!-- AddThis Advanced Settings generic via filter on get_the_excerpt --><!-- AddThis Share Buttons generic via filter on get_the_excerpt --><\/p>\n","protected":false},"author":1,"featured_media":0,"parent":0,"menu_order":0,"comment_status":"closed","ping_status":"closed","template":"","meta":{"footnotes":""},"class_list":["post-202","page","type-page","status-publish","hentry","description-off"],"yoast_head":"<!-- This site is optimized with the Yoast SEO plugin v27.4 - https:\/\/yoast.com\/product\/yoast-seo-wordpress\/ -->\n<title>La Radio - Contact FM 99.3<\/title>\n<meta name=\"description\" content=\"Contact FM 99.3 est une radio associative non commerciale de proximit\u00e9, \u00e9mettant dans le sud Sarthe, le nord Indre-et-Loire et le Loir-et-Cher. Impliqu\u00e9e dans des projets p\u00e9dagogiques, elle participe \u00e0 l&#039;\u00e9ducation aux m\u00e9dias et \u00e0 l&#039;information, tout en \u00e9tant g\u00e9r\u00e9e par des b\u00e9n\u00e9voles passionn\u00e9s.\" \/>\n<meta name=\"robots\" content=\"index, follow, max-snippet:-1, max-image-preview:large, max-video-preview:-1\" \/>\n<link rel=\"canonical\" href=\"https:\/\/contactfm72.fr\/?page_id=202\" \/>\n<meta property=\"og:locale\" content=\"fr_FR\" \/>\n<meta property=\"og:type\" content=\"article\" \/>\n<meta property=\"og:title\" content=\"La Radio - Contact FM 99.3\" \/>\n<meta property=\"og:description\" content=\"Contact FM 99.3 est une radio associative non commerciale de proximit\u00e9, \u00e9mettant dans le sud Sarthe, le nord Indre-et-Loire et le Loir-et-Cher. Impliqu\u00e9e dans des projets p\u00e9dagogiques, elle participe \u00e0 l&#039;\u00e9ducation aux m\u00e9dias et \u00e0 l&#039;information, tout en \u00e9tant g\u00e9r\u00e9e par des b\u00e9n\u00e9voles passionn\u00e9s.\" \/>\n<meta property=\"og:url\" content=\"https:\/\/contactfm72.fr\/?page_id=202\" \/>\n<meta property=\"og:site_name\" content=\"Contact FM 99.3\" \/>\n<meta property=\"article:publisher\" content=\"https:\/\/www.facebook.com\/Contactfm.Chateauduloir\" \/>\n<meta property=\"article:modified_time\" content=\"2025-05-03T12:45:50+00:00\" \/>\n<meta name=\"twitter:card\" content=\"summary_large_image\" \/>\n<meta name=\"twitter:site\" content=\"@contactfm72\" \/>\n<meta name=\"twitter:label1\" content=\"Dur\u00e9e de lecture estim\u00e9e\" \/>\n\t<meta name=\"twitter:data1\" content=\"2 minutes\" \/>\n<script type=\"application\/ld+json\" class=\"yoast-schema-graph\">{\"@context\":\"https:\\\/\\\/schema.org\",\"@graph\":[{\"@type\":\"WebPage\",\"@id\":\"https:\\\/\\\/contactfm72.fr\\\/?page_id=202\",\"url\":\"https:\\\/\\\/contactfm72.fr\\\/?page_id=202\",\"name\":\"La Radio - Contact FM 99.3\",\"isPartOf\":{\"@id\":\"https:\\\/\\\/contactfm72.fr\\\/#website\"},\"datePublished\":\"2018-12-03T16:34:42+00:00\",\"dateModified\":\"2025-05-03T12:45:50+00:00\",\"description\":\"Contact FM 99.3 est une radio associative non commerciale de proximit\u00e9, \u00e9mettant dans le sud Sarthe, le nord Indre-et-Loire et le Loir-et-Cher. Impliqu\u00e9e dans des projets p\u00e9dagogiques, elle participe \u00e0 l'\u00e9ducation aux m\u00e9dias et \u00e0 l'information, tout en \u00e9tant g\u00e9r\u00e9e par des b\u00e9n\u00e9voles passionn\u00e9s.\",\"breadcrumb\":{\"@id\":\"https:\\\/\\\/contactfm72.fr\\\/?page_id=202#breadcrumb\"},\"inLanguage\":\"fr-FR\",\"potentialAction\":[{\"@type\":\"ReadAction\",\"target\":[\"https:\\\/\\\/contactfm72.fr\\\/?page_id=202\"]}]},{\"@type\":\"BreadcrumbList\",\"@id\":\"https:\\\/\\\/contactfm72.fr\\\/?page_id=202#breadcrumb\",\"itemListElement\":[{\"@type\":\"ListItem\",\"position\":1,\"name\":\"Accueil\",\"item\":\"https:\\\/\\\/contactfm72.fr\\\/\"},{\"@type\":\"ListItem\",\"position\":2,\"name\":\"La Radio\"}]},{\"@type\":\"WebSite\",\"@id\":\"https:\\\/\\\/contactfm72.fr\\\/#website\",\"url\":\"https:\\\/\\\/contactfm72.fr\\\/\",\"name\":\"Contact FM 99.3\",\"description\":\"Votre radio en vall\u00e9e du Loir\",\"publisher\":{\"@id\":\"https:\\\/\\\/contactfm72.fr\\\/#organization\"},\"potentialAction\":[{\"@type\":\"SearchAction\",\"target\":{\"@type\":\"EntryPoint\",\"urlTemplate\":\"https:\\\/\\\/contactfm72.fr\\\/?s={search_term_string}\"},\"query-input\":{\"@type\":\"PropertyValueSpecification\",\"valueRequired\":true,\"valueName\":\"search_term_string\"}}],\"inLanguage\":\"fr-FR\"},{\"@type\":\"Organization\",\"@id\":\"https:\\\/\\\/contactfm72.fr\\\/#organization\",\"name\":\"Contact FM 99.3\",\"url\":\"https:\\\/\\\/contactfm72.fr\\\/\",\"logo\":{\"@type\":\"ImageObject\",\"inLanguage\":\"fr-FR\",\"@id\":\"https:\\\/\\\/contactfm72.fr\\\/#\\\/schema\\\/logo\\\/image\\\/\",\"url\":\"https:\\\/\\\/contactfm72.fr\\\/wp-content\\\/uploads\\\/2025\\\/04\\\/2025-04-18-2.jpg\",\"contentUrl\":\"https:\\\/\\\/contactfm72.fr\\\/wp-content\\\/uploads\\\/2025\\\/04\\\/2025-04-18-2.jpg\",\"width\":680,\"height\":307,\"caption\":\"Contact FM 99.3\"},\"image\":{\"@id\":\"https:\\\/\\\/contactfm72.fr\\\/#\\\/schema\\\/logo\\\/image\\\/\"},\"sameAs\":[\"https:\\\/\\\/www.facebook.com\\\/Contactfm.Chateauduloir\",\"https:\\\/\\\/x.com\\\/contactfm72\",\"https:\\\/\\\/www.instagram.com\\\/contact.fm.72?igsh=cGhlMHQ5N2JlNnpp\",\"https:\\\/\\\/www.tiktok.com\\\/@contact.fm\"]}]}<\/script>\n<!-- \/ Yoast SEO plugin. -->","yoast_head_json":{"title":"La Radio - Contact FM 99.3","description":"Contact FM 99.3 est une radio associative non commerciale de proximit\u00e9, \u00e9mettant dans le sud Sarthe, le nord Indre-et-Loire et le Loir-et-Cher. Impliqu\u00e9e dans des projets p\u00e9dagogiques, elle participe \u00e0 l'\u00e9ducation aux m\u00e9dias et \u00e0 l'information, tout en \u00e9tant g\u00e9r\u00e9e par des b\u00e9n\u00e9voles passionn\u00e9s.","robots":{"index":"index","follow":"follow","max-snippet":"max-snippet:-1","max-image-preview":"max-image-preview:large","max-video-preview":"max-video-preview:-1"},"canonical":"https:\/\/contactfm72.fr\/?page_id=202","og_locale":"fr_FR","og_type":"article","og_title":"La Radio - Contact FM 99.3","og_description":"Contact FM 99.3 est une radio associative non commerciale de proximit\u00e9, \u00e9mettant dans le sud Sarthe, le nord Indre-et-Loire et le Loir-et-Cher. Impliqu\u00e9e dans des projets p\u00e9dagogiques, elle participe \u00e0 l'\u00e9ducation aux m\u00e9dias et \u00e0 l'information, tout en \u00e9tant g\u00e9r\u00e9e par des b\u00e9n\u00e9voles passionn\u00e9s.","og_url":"https:\/\/contactfm72.fr\/?page_id=202","og_site_name":"Contact FM 99.3","article_publisher":"https:\/\/www.facebook.com\/Contactfm.Chateauduloir","article_modified_time":"2025-05-03T12:45:50+00:00","twitter_card":"summary_large_image","twitter_site":"@contactfm72","twitter_misc":{"Dur\u00e9e de lecture estim\u00e9e":"2 minutes"},"schema":{"@context":"https:\/\/schema.org","@graph":[{"@type":"WebPage","@id":"https:\/\/contactfm72.fr\/?page_id=202","url":"https:\/\/contactfm72.fr\/?page_id=202","name":"La Radio - Contact FM 99.3","isPartOf":{"@id":"https:\/\/contactfm72.fr\/#website"},"datePublished":"2018-12-03T16:34:42+00:00","dateModified":"2025-05-03T12:45:50+00:00","description":"Contact FM 99.3 est une radio associative non commerciale de proximit\u00e9, \u00e9mettant dans le sud Sarthe, le nord Indre-et-Loire et le Loir-et-Cher. Impliqu\u00e9e dans des projets p\u00e9dagogiques, elle participe \u00e0 l'\u00e9ducation aux m\u00e9dias et \u00e0 l'information, tout en \u00e9tant g\u00e9r\u00e9e par des b\u00e9n\u00e9voles passionn\u00e9s.","breadcrumb":{"@id":"https:\/\/contactfm72.fr\/?page_id=202#breadcrumb"},"inLanguage":"fr-FR","potentialAction":[{"@type":"ReadAction","target":["https:\/\/contactfm72.fr\/?page_id=202"]}]},{"@type":"BreadcrumbList","@id":"https:\/\/contactfm72.fr\/?page_id=202#breadcrumb","itemListElement":[{"@type":"ListItem","position":1,"name":"Accueil","item":"https:\/\/contactfm72.fr\/"},{"@type":"ListItem","position":2,"name":"La Radio"}]},{"@type":"WebSite","@id":"https:\/\/contactfm72.fr\/#website","url":"https:\/\/contactfm72.fr\/","name":"Contact FM 99.3","description":"Votre radio en vall\u00e9e du Loir","publisher":{"@id":"https:\/\/contactfm72.fr\/#organization"},"potentialAction":[{"@type":"SearchAction","target":{"@type":"EntryPoint","urlTemplate":"https:\/\/contactfm72.fr\/?s={search_term_string}"},"query-input":{"@type":"PropertyValueSpecification","valueRequired":true,"valueName":"search_term_string"}}],"inLanguage":"fr-FR"},{"@type":"Organization","@id":"https:\/\/contactfm72.fr\/#organization","name":"Contact FM 99.3","url":"https:\/\/contactfm72.fr\/","logo":{"@type":"ImageObject","inLanguage":"fr-FR","@id":"https:\/\/contactfm72.fr\/#\/schema\/logo\/image\/","url":"https:\/\/contactfm72.fr\/wp-content\/uploads\/2025\/04\/2025-04-18-2.jpg","contentUrl":"https:\/\/contactfm72.fr\/wp-content\/uploads\/2025\/04\/2025-04-18-2.jpg","width":680,"height":307,"caption":"Contact FM 99.3"},"image":{"@id":"https:\/\/contactfm72.fr\/#\/schema\/logo\/image\/"},"sameAs":["https:\/\/www.facebook.com\/Contactfm.Chateauduloir","https:\/\/x.com\/contactfm72","https:\/\/www.instagram.com\/contact.fm.72?igsh=cGhlMHQ5N2JlNnpp","https:\/\/www.tiktok.com\/@contact.fm"]}]}},"_links":{"self":[{"href":"https:\/\/contactfm72.fr\/index.php?rest_route=\/wp\/v2\/pages\/202","targetHints":{"allow":["GET"]}}],"collection":[{"href":"https:\/\/contactfm72.fr\/index.php?rest_route=\/wp\/v2\/pages"}],"about":[{"href":"https:\/\/contactfm72.fr\/index.php?rest_route=\/wp\/v2\/types\/page"}],"author":[{"embeddable":true,"href":"https:\/\/contactfm72.fr\/index.php?rest_route=\/wp\/v2\/users\/1"}],"replies":[{"embeddable":true,"href":"https:\/\/contactfm72.fr\/index.php?rest_route=%2Fwp%2Fv2%2Fcomments&post=202"}],"version-history":[{"count":5,"href":"https:\/\/contactfm72.fr\/index.php?rest_route=\/wp\/v2\/pages\/202\/revisions"}],"predecessor-version":[{"id":15710,"href":"https:\/\/contactfm72.fr\/index.php?rest_route=\/wp\/v2\/pages\/202\/revisions\/15710"}],"wp:attachment":[{"href":"https:\/\/contactfm72.fr\/index.php?rest_route=%2Fwp%2Fv2%2Fmedia&parent=202"}],"curies":[{"name":"wp","href":"https:\/\/api.w.org\/{rel}","templated":true}]}}